{"id":21635,"date":"2020-11-17T10:29:21","date_gmt":"2020-11-17T10:29:21","guid":{"rendered":"http:\/\/192.168.0.108\/braintech\/?page_id=12"},"modified":"2025-04-29T12:38:30","modified_gmt":"2025-04-29T12:38:30","slug":"contact","status":"publish","type":"page","link":"https:\/\/skonitech.com\/sq\/contact\/","title":{"rendered":"Kontakt"},"content":{"rendered":"<div data-elementor-type=\"wp-page\" data-elementor-id=\"21635\" class=\"elementor elementor-21635\">\n\t\t\t\t\t\t<section class=\"elementor-section elementor-top-section elementor-element elementor-element-044a563 elementor-section-stretched elementor-section-boxed elementor-section-height-default elementor-section-height-default\" data-id=\"044a563\" data-element_type=\"section\" data-settings=\"{&quot;stretch_section&quot;:&quot;section-stretched&quot;,&quot;background_background&quot;:&quot;classic&quot;}\">\n\t\t\t\t\t\t<div class=\"elementor-container elementor-column-gap-default\">\n\t\t\t\t\t<div class=\"elementor-column elementor-col-100 elementor-top-column elementor-element elementor-element-edaed20\" data-id=\"edaed20\" data-element_type=\"column\">\n\t\t\t<div class=\"elementor-widget-wrap elementor-element-populated\">\n\t\t\t\t\t\t<div class=\"elementor-element elementor-element-3df2ada elementor-widget elementor-widget-rs-heading\" data-id=\"3df2ada\" data-element_type=\"widget\" data-widget_type=\"rs-heading.default\">\n\t\t\t\t<div class=\"elementor-widget-container\">\n\t\t\t\t\t        <div class=\"rs-heading default center\">\r\n        \t<div class=\"title-inner\">        \t\t      \t\t\r\n\t            <h2 class=\"title\"><span class=\"watermark\"><\/span>Planifikoni<span style=\"color:#00CBAB\"> Projektin Tuaj<\/span><\/h2>\t\t\t\t\t        <\/div>\r\n\t                    \t<div class=\"description\">\r\n            \t\t<p>P\u00ebrzgjidhni opsionin tuaj t\u00eb preferuar t\u00eb komunikimit m\u00eb posht\u00eb p\u00ebr t\u00eb kontaktuar me ekipin ton\u00eb t\u00eb ekspert\u00ebve.<\/p>            \t\t\r\n            \t<\/div>\r\n        \t        <\/div>\r\n\r\n        \t\t\t\t<\/div>\n\t\t\t\t<\/div>\n\t\t\t\t<section class=\"elementor-section elementor-inner-section elementor-element elementor-element-234463e elementor-section-boxed elementor-section-height-default elementor-section-height-default\" data-id=\"234463e\" data-element_type=\"section\">\n\t\t\t\t\t\t<div class=\"elementor-container elementor-column-gap-default\">\n\t\t\t\t\t<div class=\"elementor-column elementor-col-50 elementor-inner-column elementor-element elementor-element-8014e33\" data-id=\"8014e33\" data-element_type=\"column\">\n\t\t\t<div class=\"elementor-widget-wrap elementor-element-populated\">\n\t\t\t\t\t\t<div class=\"elementor-element elementor-element-780a4fb elementor-widget elementor-widget-rs-service-grid\" data-id=\"780a4fb\" data-element_type=\"widget\" id=\"buton\" data-settings=\"{&quot;_animation&quot;:&quot;none&quot;}\" data-widget_type=\"rs-service-grid.default\">\n\t\t\t\t<div class=\"elementor-widget-container\">\n\t\t\t\t\t\t\t\r\n\t\t<div class=\"rs-addon-services services-style7 service_shape_ box_shadow_enable\">\r\n\t\t    <div class=\"services-part image-align-left\">\r\n\t\t    \t\t\t\t    \t\t    \t\t\r\n\t\t    \t\r\n\t\t    \t\t\t\r\n\t\t    \t\t\t\t\t\t\t\t\t\t<div class=\"image_border_shape\">\r\n\t\t\t\t\t    \t\t<div class=\"services-icon  image-hover\">\r\n\r\n\t\t\t\t\t\t    \t\t\r\n\t\t\t\t\t\t    \t\t\t\t\t\t\t\t    \t\t\t<img decoding=\"async\" src=\"https:\/\/skonitech.com\/wp-content\/uploads\/2025\/03\/calendar-day-svgrepo-com.png\" alt=\"image\"\/>\r\n\t\t\t\t\t\t    \t\t\r\n\t\t\t\t\t    \t\t<\/div>\t\r\n\t\t\t\t    \t\t<\/div>\t\r\n\t\t\t    \t\t\r\n\r\n\t\t    \t\t\t    \t\t       \r\n\t\t\t    <div class=\"services-text\">\r\n\r\n\t\t\t    \t\r\n\t\t\t    \t\t\t\t\t    \t\t\t\t\t\t    \t<div class=\"services-titles\">\t\t\t\t    \t\t\r\n\t\t\t\t\t    \t\t\t\t\t\t\t    \t\t\t<h3 class=\"title\"> Rezervoni nj\u00eb Takim<\/h3>\r\n\t\t\t\t\t    \t\t\t\t\t\t    \t\t\r\n\t\t\t\t\t    \t<\/div>\r\n\t\t\t\t    \t\t\r\n\t\t\t\t    \r\n\t\t\t    \t\t\t\t    \t\t<p class=\"services-txt\">  Shikoni kalendarin ton\u00eb dhe zgjidhni slot-in m\u00eb t\u00eb p\u00ebrshtatsh\u00ebm p\u00ebr t\u00eb biseduar me ekipin ton\u00eb.<\/p>\t\r\n\t\t\t    \t\t\r\n\r\n\r\n\r\n\t\t\t    \t\t    \t    \t\t\t\t    \t\t    \t<div class=\"services-btn-part\">\r\n\t\t    \t\t    \t\t\r\n\r\n\r\n\t\t    \t\t    \t\t\r\n\t    \t\t    \t\t\t<a class=\"services-btn icon-after\" href=\"https:\/\/calendly.com\/skonitech\/chat-with-skonitech?month=2024-12\" >\r\n\r\n\t    \t\t    \t\t\t\t<span class=\"btn_text\">\r\n\t    \t\t    \t\t\t\t\tRezervoni Takimin    \t\t\t\t\t\t\r\n\t    \t\t    \t\t\t\t<\/span>\r\n\r\n\t    \t\t    \t\t\t\t\t\t    \t\t    \t\t\t\t\t\t    \t\t    \t\t\t\t\t<i class=\"fa fa-angle-right\"><\/i>\r\n\t\t    \t\t    \t\t\t\t\t    \t\t    \t\t\t\t\r\n\r\n\t    \t\t    \t\t\t<\/a>\r\n\t\t    \t\t    \t<\/div>\r\n\t\t    \t\t    \t\r\n\t\t    \t    \t\t    \t    \t\r\n\r\n\r\n\r\n\t\t\t    <\/div>\r\n\t\t\t<\/div>\r\n\t\t<\/div>\t\r\n\t\t\r\n\t\t\t\t\t<\/div>\n\t\t\t\t<\/div>\n\t\t\t\t\t<\/div>\n\t\t<\/div>\n\t\t\t\t<div class=\"elementor-column elementor-col-50 elementor-inner-column elementor-element elementor-element-b0215f6\" data-id=\"b0215f6\" data-element_type=\"column\">\n\t\t\t<div class=\"elementor-widget-wrap elementor-element-populated\">\n\t\t\t\t\t\t<div class=\"elementor-element elementor-element-76782a2 elementor-widget elementor-widget-rs-service-grid\" data-id=\"76782a2\" data-element_type=\"widget\" id=\"buton\" data-settings=\"{&quot;_animation&quot;:&quot;none&quot;}\" data-widget_type=\"rs-service-grid.default\">\n\t\t\t\t<div class=\"elementor-widget-container\">\n\t\t\t\t\t\t\t\r\n\t\t<div class=\"rs-addon-services services-style7 service_shape_ box_shadow_enable\">\r\n\t\t    <div class=\"services-part image-align-left\">\r\n\t\t    \t\t\t\t    \t\t    \t\t\r\n\t\t    \t\r\n\t\t    \t\t\t\r\n\t\t    \t\t\t\t\t\t\t\t\t\t<div class=\"image_border_shape\">\r\n\t\t\t\t\t    \t\t<div class=\"services-icon  image-hover\">\r\n\r\n\t\t\t\t\t\t    \t\t\r\n\t\t\t\t\t\t    \t\t\t\t\t\t\t\t    \t\t\t<img decoding=\"async\" src=\"https:\/\/skonitech.com\/wp-content\/uploads\/2025\/03\/write-svgrepo-com.png\" alt=\"image\"\/>\r\n\t\t\t\t\t\t    \t\t\r\n\t\t\t\t\t    \t\t<\/div>\t\r\n\t\t\t\t    \t\t<\/div>\t\r\n\t\t\t    \t\t\r\n\r\n\t\t    \t\t\t    \t\t       \r\n\t\t\t    <div class=\"services-text\">\r\n\r\n\t\t\t    \t\r\n\t\t\t    \t\t\t\t\t    \t\t\t\t\t\t    \t<div class=\"services-titles\">\t\t\t\t    \t\t\r\n\t\t\t\t\t    \t\t\t\t\t\t\t    \t\t\t<h3 class=\"title\"> Na Shkruani<\/h3>\r\n\t\t\t\t\t    \t\t\t\t\t\t    \t\t\r\n\t\t\t\t\t    \t<\/div>\r\n\t\t\t\t    \t\t\r\n\t\t\t\t    \r\n\t\t\t    \t\t\t\t    \t\t<p class=\"services-txt\">  Plot\u00ebsoni formularin m\u00eb posht\u00eb dhe stafi yn\u00eb do t'ju kontaktojm\u00eb brenda 24 or\u00ebve.<\/p>\t\r\n\t\t\t    \t\t\r\n\r\n\r\n\r\n\t\t\t    \t\t    \t    \t\t\t\t    \t\t    \t<div class=\"services-btn-part\">\r\n\t\t    \t\t    \t\t\r\n\r\n\r\n\t\t    \t\t    \t\t\r\n\t    \t\t    \t\t\t<a class=\"services-btn icon-after\" href=\"#contact-form\" >\r\n\r\n\t    \t\t    \t\t\t\t<span class=\"btn_text\">\r\n\t    \t\t    \t\t\t\t\tNa Shkruani    \t\t\t\t\t\t\r\n\t    \t\t    \t\t\t\t<\/span>\r\n\r\n\t    \t\t    \t\t\t\t\t\t    \t\t    \t\t\t\t\t\t    \t\t    \t\t\t\t\t<i class=\"fa fa-angle-down\"><\/i>\r\n\t\t    \t\t    \t\t\t\t\t    \t\t    \t\t\t\t\r\n\r\n\t    \t\t    \t\t\t<\/a>\r\n\t\t    \t\t    \t<\/div>\r\n\t\t    \t\t    \t\r\n\t\t    \t    \t\t    \t    \t\r\n\r\n\r\n\r\n\t\t\t    <\/div>\r\n\t\t\t<\/div>\r\n\t\t<\/div>\t\r\n\t\t\r\n\t\t\t\t\t<\/div>\n\t\t\t\t<\/div>\n\t\t\t\t\t<\/div>\n\t\t<\/div>\n\t\t\t\t\t<\/div>\n\t\t<\/section>\n\t\t\t\t\t<\/div>\n\t\t<\/div>\n\t\t\t\t\t<\/div>\n\t\t<\/section>\n\t\t\t\t<section class=\"elementor-section elementor-top-section elementor-element elementor-element-1a335bd elementor-section-content-middle elementor-section-full_width elementor-section-height-default elementor-section-height-default\" data-id=\"1a335bd\" data-element_type=\"section\" id=\"contact-form\" data-settings=\"{&quot;background_background&quot;:&quot;classic&quot;}\">\n\t\t\t\t\t\t<div class=\"elementor-container elementor-column-gap-default\">\n\t\t\t\t\t<div class=\"elementor-column elementor-col-50 elementor-top-column elementor-element elementor-element-6fbe7f9\" data-id=\"6fbe7f9\" data-element_type=\"column\" data-settings=\"{&quot;background_background&quot;:&quot;gradient&quot;}\">\n\t\t\t<div class=\"elementor-widget-wrap elementor-element-populated\">\n\t\t\t\t\t\t<div class=\"elementor-element elementor-element-0c3514f elementor-widget elementor-widget-rs-heading\" data-id=\"0c3514f\" data-element_type=\"widget\" data-widget_type=\"rs-heading.default\">\n\t\t\t\t<div class=\"elementor-widget-container\">\n\t\t\t\t\t        <div class=\"rs-heading default\">\r\n        \t<div class=\"title-inner\">        \t\t      \t\t\r\n\t            <span class=\"sub-text\">Le t\u00eb bisedojm\u00eb s\u00eb bashku!<\/span><h2 class=\"title\"><span class=\"watermark\"><\/span>Na <span style=\"color:#00CBAB\"> Kontaktoni <\/span> n\u00eb:<\/h2>\t\t\t\t\t        <\/div>\r\n\t                <\/div>\r\n\r\n        \t\t\t\t<\/div>\n\t\t\t\t<\/div>\n\t\t\t\t<div class=\"elementor-element elementor-element-92ca6de elementor-widget elementor-widget-rs-contact-box\" data-id=\"92ca6de\" data-element_type=\"widget\" data-widget_type=\"rs-contact-box.default\">\n\t\t\t\t<div class=\"elementor-widget-container\">\n\t\t\t\t\t\t\t\r\n\r\n\t\t<!-- Style 1 Start -->\r\n\t\t<div class=\"rs-contact-box\">\r\n\r\n\t\t\t\t\t\t<div class=\"address-item horizontal boxstyle2\">\r\n\r\n\t\t\t\t\t\t\t            <div class=\"address-icon\">\r\n\t\t            \t\t\t            \t\t<i class=\"fa fa-envelope\"><\/i>\r\n\t\t            \t\t\t            <\/div>\r\n\t\t            \r\n\t\t            <div class=\"address-text\">\r\n\t\t            \t\r\n\r\n\t\t            \t\r\n\r\n\t\t            \t\t\t\t            \t<div class=\"email\">\r\n\t\t\t            \t\t\t\t\t\t                <a href=\"mailto:info@skonitech.com\">info@skonitech.com<\/a>\r\n\t\t\t\t            <\/div>\r\n\t\t\t       \t\t\t\t            <\/div>\r\n\t\t        <\/div>\r\n\t\t\t\t\t\t\t<div class=\"address-item horizontal boxstyle2\">\r\n\r\n\t\t\t\t\t\t\t            <div class=\"address-icon\">\r\n\t\t            \t\t\t            \t\t<i class=\"fa fa-phone\"><\/i>\r\n\t\t            \t\t\t            <\/div>\r\n\t\t            \r\n\t\t            <div class=\"address-text\">\r\n\t\t            \t\r\n\r\n\t\t            \t\t\t\t            \t<div class=\"phone\">\r\n\t\t\t            \t\t\t\t\t\t                \r\n\t\t\t\t                <a href=\"tel:+(+355) 69 61 09 833\">(+355) 69 61 09 833<\/a>\r\n\t\t\t\t            <\/div>\r\n\t\t\t       \t\t\r\n\r\n\t\t            \t\t\t            <\/div>\r\n\t\t        <\/div>\r\n\t\t\t\t\t\t\t<div class=\"address-item horizontal boxstyle2\">\r\n\r\n\t\t\t\t\t\t\t            <div class=\"address-icon\">\r\n\t\t            \t\t\t            \t\t<i class=\"fa fa-map-marker\"><\/i>\r\n\t\t            \t\t\t            <\/div>\r\n\t\t            \r\n\t\t            <div class=\"address-text\">\r\n\t\t            \t\t\t            \t<div class=\"text\">\r\n\t\t            \t\t\t\t            \t\t\t\t            \t\t<span class=\"des\">\r\n\t\t\t\t                <a target=\"_blank\" href=\"https:\/\/maps.app.goo.gl\/XUU9bK6B5neaZ5pYA\" rel=\"noopener\">Rruga e Kavaj\u00ebs 50 Ish Volksvagen, Tiran\u00eb 1001, Albania<\/a>\t\t\t\t            <\/span>\r\n\t\t\t\t            \t\t\t            <\/div>\r\n\t\t\t       \t\t\r\n\r\n\t\t            \t\r\n\r\n\t\t            \t\t\t            <\/div>\r\n\t\t        <\/div>\r\n\t\t\t\t\t<\/div>\r\n\r\n\t<!-- Style 1 End -->\t\r\n\t\t\r\n\t\t\t\t\t<\/div>\n\t\t\t\t<\/div>\n\t\t\t\t\t<\/div>\n\t\t<\/div>\n\t\t\t\t<div class=\"elementor-column elementor-col-50 elementor-top-column elementor-element elementor-element-ad51d46\" data-id=\"ad51d46\" data-element_type=\"column\" data-settings=\"{&quot;background_background&quot;:&quot;classic&quot;}\">\n\t\t\t<div class=\"elementor-widget-wrap elementor-element-populated\">\n\t\t\t\t\t<div class=\"elementor-background-overlay\"><\/div>\n\t\t\t\t\t\t<div class=\"elementor-element elementor-element-9738915 elementor-widget__width-initial elementor-widget elementor-widget-rs-heading\" data-id=\"9738915\" data-element_type=\"widget\" data-widget_type=\"rs-heading.default\">\n\t\t\t\t<div class=\"elementor-widget-container\">\n\t\t\t\t\t        <div class=\"rs-heading default\">\r\n        \t<div class=\"title-inner\">        \t\t      \t\t\r\n\t            <span class=\"sub-text\">Na Kontaktoni<\/span><h2 class=\"title\"><span class=\"watermark\"><\/span>Na D\u00ebrgoni Iden\u00eb Tuaj t\u00eb <span style=\"color:#00CBAB\"> Projektit<\/span>, Ne Do t\u00eb Lidhemi Menj\u00ebher\u00eb me Ju<\/h2>\t\t\t\t\t        <\/div>\r\n\t                <\/div>\r\n\r\n        \t\t\t\t<\/div>\n\t\t\t\t<\/div>\n\t\t\t\t<div class=\"elementor-element elementor-element-5c3e16c elementor-widget elementor-widget-rs-cf7\" data-id=\"5c3e16c\" data-element_type=\"widget\" data-widget_type=\"rs-cf7.default\">\n\t\t\t\t<div class=\"elementor-widget-container\">\n\t\t\t\t\t\n<div class=\"wpcf7 no-js\" id=\"wpcf7-f11860-o1\" lang=\"en-US\" dir=\"ltr\" data-wpcf7-id=\"11860\">\n<div class=\"screen-reader-response\"><p role=\"status\" aria-live=\"polite\" aria-atomic=\"true\"><\/p> <ul><\/ul><\/div>\n<form action=\"\/sq\/wp-json\/wp\/v2\/pages\/21635#wpcf7-f11860-o1\" method=\"post\" class=\"wpcf7-form init\" aria-label=\"Contact form\" novalidate=\"novalidate\" data-status=\"init\" data-trp-original-action=\"\/sq\/wp-json\/wp\/v2\/pages\/21635#wpcf7-f11860-o1\">\n<fieldset class=\"hidden-fields-container\"><input type=\"hidden\" name=\"_wpcf7\" value=\"11860\" \/><input type=\"hidden\" name=\"_wpcf7_version\" value=\"6.1.5\" \/><input type=\"hidden\" name=\"_wpcf7_locale\" value=\"en_US\" \/><input type=\"hidden\" name=\"_wpcf7_unit_tag\" value=\"wpcf7-f11860-o1\" \/><input type=\"hidden\" name=\"_wpcf7_container_post\" value=\"0\" \/><input type=\"hidden\" name=\"_wpcf7_posted_data_hash\" value=\"\" \/><input type=\"hidden\" name=\"_wpcf7_recaptcha_response\" value=\"\" \/>\n<\/fieldset>\n<div class=\"row\">\n\t<div class=\"col-sm-6\">\n\t\t<p><span class=\"wpcf7-form-control-wrap\" data-name=\"your-name\"><input size=\"40\" maxlength=\"400\" class=\"wpcf7-form-control wpcf7-text wpcf7-validates-as-required\" aria-required=\"true\" aria-invalid=\"false\" placeholder=\"Emri\" value=\"\" type=\"text\" name=\"your-name\" \/><\/span>\n\t\t<\/p>\n\t<\/div>\n\t<div class=\"col-sm-6\">\n\t\t<p><span class=\"wpcf7-form-control-wrap\" data-name=\"your-phone\"><input size=\"40\" maxlength=\"400\" class=\"wpcf7-form-control wpcf7-tel wpcf7-validates-as-required wpcf7-text wpcf7-validates-as-tel\" aria-required=\"true\" aria-invalid=\"false\" placeholder=\"Nr. Telefoni\" value=\"\" type=\"tel\" name=\"your-phone\" \/><\/span>\n\t\t<\/p>\n\t<\/div>\n\t<div class=\"col-sm-12\">\n\t\t<p><span class=\"wpcf7-form-control-wrap\" data-name=\"your-email\"><input size=\"40\" maxlength=\"400\" class=\"wpcf7-form-control wpcf7-email wpcf7-validates-as-required wpcf7-text wpcf7-validates-as-email\" aria-required=\"true\" aria-invalid=\"false\" placeholder=\"E-Mail\" value=\"\" type=\"email\" name=\"your-email\" \/><\/span>\n\t\t<\/p>\n\t<\/div>\n\t<div class=\"col-sm-12\">\n\t\t<p><span class=\"wpcf7-form-control-wrap\" data-name=\"your-message\"><textarea cols=\"40\" rows=\"10\" maxlength=\"2000\" class=\"wpcf7-form-control wpcf7-textarea wpcf7-validates-as-required\" aria-required=\"true\" aria-invalid=\"false\" placeholder=\"P\u00ebrshkruani projektin\" name=\"your-message\"><\/textarea><\/span>\n\t\t<\/p>\n\t<\/div>\n\t<div class=\"form-button col-sm-12\">\n\t\t<p class=\"submit-btn\"><input class=\"wpcf7-form-control wpcf7-submit has-spinner\" type=\"submit\" value=\"D\u00ebrgo\" \/>\n\t\t<\/p>\n\t<\/div>\n\t<p style=\"font-size: 14px; color: #666;\"><br \/>\nThis site is protected by reCAPTCHA and the Google <a href=\"https:\/\/policies.google.com\/privacy\" target=\"_blank\" rel=\"noopener noreferrer\">Privacy Policy<\/a> and <a href=\"https:\/\/policies.google.com\/terms\" target=\"_blank\" rel=\"noopener noreferrer\">Terms of Service<\/a> apply.\n\t<\/p>\n<\/div><div class=\"wpcf7-response-output\" aria-hidden=\"true\"><\/div>\n<input type=\"hidden\" name=\"trp-form-language\" value=\"sq\"\/><\/form>\n<\/div>\n\t\t\t\t<\/div>\n\t\t\t\t<\/div>\n\t\t\t\t\t<\/div>\n\t\t<\/div>\n\t\t\t\t\t<\/div>\n\t\t<\/section>\n\t\t\t\t<\/div>","protected":false},"excerpt":{"rendered":"<p>Plan Your Project Select your preferred communication below to speak with our expert team. Schedule a Timeslot View our calendar and select a timeslot to speak to our team. Schedule Meeting Write to Us Fill out our contact form and we\u2019ll reach back out to you within 24 hours. Write Us Let&#8217;s connect! Talk to&#8230;<\/p>","protected":false},"author":1,"featured_media":0,"parent":0,"menu_order":0,"comment_status":"closed","ping_status":"closed","template":"","meta":{"inline_featured_image":false,"footnotes":""},"class_list":["post-21635","page","type-page","status-publish","hentry"],"_links":{"self":[{"href":"https:\/\/skonitech.com\/sq\/wp-json\/wp\/v2\/pages\/21635","targetHints":{"allow":["GET"]}}],"collection":[{"href":"https:\/\/skonitech.com\/sq\/wp-json\/wp\/v2\/pages"}],"about":[{"href":"https:\/\/skonitech.com\/sq\/wp-json\/wp\/v2\/types\/page"}],"author":[{"embeddable":true,"href":"https:\/\/skonitech.com\/sq\/wp-json\/wp\/v2\/users\/1"}],"replies":[{"embeddable":true,"href":"https:\/\/skonitech.com\/sq\/wp-json\/wp\/v2\/comments?post=21635"}],"version-history":[{"count":1,"href":"https:\/\/skonitech.com\/sq\/wp-json\/wp\/v2\/pages\/21635\/revisions"}],"predecessor-version":[{"id":24532,"href":"https:\/\/skonitech.com\/sq\/wp-json\/wp\/v2\/pages\/21635\/revisions\/24532"}],"wp:attachment":[{"href":"https:\/\/skonitech.com\/sq\/wp-json\/wp\/v2\/media?parent=21635"}],"curies":[{"name":"wp","href":"https:\/\/api.w.org\/{rel}","templated":true}]}}