{"id":13427,"date":"2020-11-30T05:31:30","date_gmt":"2020-11-30T05:31:30","guid":{"rendered":"http:\/\/192.168.0.108\/braintech\/?page_id=13427"},"modified":"2025-04-29T12:39:19","modified_gmt":"2025-04-29T12:39:19","slug":"case-studies","status":"publish","type":"page","link":"https:\/\/skonitech.com\/sq\/case-studies\/","title":{"rendered":"Portofoli"},"content":{"rendered":"<div data-elementor-type=\"wp-page\" data-elementor-id=\"13427\" class=\"elementor elementor-13427\">\n\t\t\t\t\t\t<section class=\"elementor-section elementor-top-section elementor-element elementor-element-04d48c9 elementor-section-boxed elementor-section-height-default elementor-section-height-default\" data-id=\"04d48c9\" data-element_type=\"section\">\n\t\t\t\t\t\t<div class=\"elementor-container elementor-column-gap-default\">\n\t\t\t\t\t<div class=\"elementor-column elementor-col-100 elementor-top-column elementor-element elementor-element-80464c3\" data-id=\"80464c3\" data-element_type=\"column\">\n\t\t\t<div class=\"elementor-widget-wrap elementor-element-populated\">\n\t\t\t\t\t\t<section class=\"elementor-section elementor-inner-section elementor-element elementor-element-1e963ef elementor-section-boxed elementor-section-height-default elementor-section-height-default\" data-id=\"1e963ef\" data-element_type=\"section\">\n\t\t\t\t\t\t<div class=\"elementor-container elementor-column-gap-default\">\n\t\t\t\t\t<div class=\"elementor-column elementor-col-100 elementor-inner-column elementor-element elementor-element-f4d7f6b\" data-id=\"f4d7f6b\" data-element_type=\"column\">\n\t\t\t<div class=\"elementor-widget-wrap elementor-element-populated\">\n\t\t\t\t\t\t<div class=\"elementor-element elementor-element-5c0c003 elementor-widget elementor-widget-rs-heading\" data-id=\"5c0c003\" data-element_type=\"widget\" data-widget_type=\"rs-heading.default\">\n\t\t\t\t<div class=\"elementor-widget-container\">\n\t\t\t\t\t        <div class=\"rs-heading style4 center\">\r\n        \t<div class=\"title-inner\">        \t\t      \t\t\r\n\t            <span class=\"sub-text\">Portofoli Yn\u00eb<\/span><h2 class=\"title\"><span class=\"watermark\"><\/span>Disa nga <span style=\"color: #00CBAB\">Projektet Tona<\/span> t\u00eb P\u00ebrfunduara<\/h2>\t\t\t\t\t        <\/div>\r\n\t                <\/div>\r\n\r\n        \t\t\t\t<\/div>\n\t\t\t\t<\/div>\n\t\t\t\t\t<\/div>\n\t\t<\/div>\n\t\t\t\t\t<\/div>\n\t\t<\/section>\n\t\t\t\t\t<\/div>\n\t\t<\/div>\n\t\t\t\t\t<\/div>\n\t\t<\/section>\n\t\t\t\t<section class=\"elementor-section elementor-top-section elementor-element elementor-element-89a959d elementor-section-stretched elementor-section-boxed elementor-section-height-default elementor-section-height-default\" data-id=\"89a959d\" data-element_type=\"section\" data-settings=\"{&quot;stretch_section&quot;:&quot;section-stretched&quot;}\">\n\t\t\t\t\t\t<div class=\"elementor-container elementor-column-gap-default\">\n\t\t\t\t\t<div class=\"elementor-column elementor-col-100 elementor-top-column elementor-element elementor-element-8402ce8\" data-id=\"8402ce8\" data-element_type=\"column\">\n\t\t\t<div class=\"elementor-widget-wrap elementor-element-populated\">\n\t\t\t\t\t\t<div class=\"elementor-element elementor-element-b9fe716 elementor-widget elementor-widget-rsportfolio\" data-id=\"b9fe716\" data-element_type=\"widget\" data-widget_type=\"rsportfolio.default\">\n\t\t\t\t<div class=\"elementor-widget-container\">\n\t\t\t\t\t\t\t<div class=\"rs-portfolio-style5 rsaddon_pro_box\">\n\t\t\t<div class=\"grid\">\n\t\t\t\t<div class=\"row\">\n\n\t\t\t\t    \t\r\n\t<div class=\"col-lg-4 col-md-6 grid-item\">\r\n\t\t\t<div class=\"portfolio-item content-overlay\">\r\n\t\t\t\t                    <div class=\"portfolio-img\">\r\n                    \t<a href=\"https:\/\/skonitech.com\/sq\/portfolio\/gladio\/\"><img fetchpriority=\"high\" decoding=\"async\" width=\"500\" height=\"500\" src=\"https:\/\/skonitech.com\/wp-content\/uploads\/2025\/03\/231-500x500.jpg\" class=\"attachment-rsaddon-team-round-style size-rsaddon-team-round-style wp-post-image\" alt=\"\" srcset=\"https:\/\/skonitech.com\/wp-content\/uploads\/2025\/03\/231-500x500.jpg 500w, https:\/\/skonitech.com\/wp-content\/uploads\/2025\/03\/231-150x150.jpg 150w, https:\/\/skonitech.com\/wp-content\/uploads\/2025\/03\/231-1000x1000.jpg 1000w, https:\/\/skonitech.com\/wp-content\/uploads\/2025\/03\/231-300x300.jpg 300w, https:\/\/skonitech.com\/wp-content\/uploads\/2025\/03\/231-100x100.jpg 100w\" sizes=\"(max-width: 500px) 100vw, 500px\" \/><\/a>\r\n                    <\/div>\r\n                                <div class=\"portfolio-content\">\r\n                \t<div class=\"vertical-middle\">\r\n                        <div class=\"vertical-middle-cell\">\r\n\t\t                    <div class=\"portfolio-inner\">\r\n\t\t                    \t\t\t                    \t\t<h4 class=\"p-title\"><a href=\"https:\/\/skonitech.com\/sq\/portfolio\/gladio\/\">Gladio Medica<\/a><\/h4>\r\n\t\t                    \t\t\t                    \t<p class=\"p-category\"> <a href=\"https:\/\/skonitech.com\/sq\/portfolio-category\/health-care\/\" rel=\"tag\">Kujdesi Sh\u00ebndet\u00ebsor<\/a><\/p>\r\n\t\t                    <\/div>\r\n\t                    <\/div>\r\n                    <\/div>\r\n                <\/div>\r\n            <\/div>\r\n\t\t<\/div>\r\n\t\t\r\n\t<div class=\"col-lg-4 col-md-6 grid-item\">\r\n\t\t\t<div class=\"portfolio-item content-overlay\">\r\n\t\t\t\t                    <div class=\"portfolio-img\">\r\n                    \t<a href=\"https:\/\/skonitech.com\/sq\/portfolio\/smartrenet\/\"><img decoding=\"async\" width=\"500\" height=\"500\" src=\"https:\/\/skonitech.com\/wp-content\/uploads\/2025\/03\/2147666699-500x500.jpg\" class=\"attachment-rsaddon-team-round-style size-rsaddon-team-round-style wp-post-image\" alt=\"\" srcset=\"https:\/\/skonitech.com\/wp-content\/uploads\/2025\/03\/2147666699-500x500.jpg 500w, https:\/\/skonitech.com\/wp-content\/uploads\/2025\/03\/2147666699-150x150.jpg 150w, https:\/\/skonitech.com\/wp-content\/uploads\/2025\/03\/2147666699-1000x1000.jpg 1000w, https:\/\/skonitech.com\/wp-content\/uploads\/2025\/03\/2147666699-300x300.jpg 300w, https:\/\/skonitech.com\/wp-content\/uploads\/2025\/03\/2147666699-100x100.jpg 100w\" sizes=\"(max-width: 500px) 100vw, 500px\" \/><\/a>\r\n                    <\/div>\r\n                                <div class=\"portfolio-content\">\r\n                \t<div class=\"vertical-middle\">\r\n                        <div class=\"vertical-middle-cell\">\r\n\t\t                    <div class=\"portfolio-inner\">\r\n\t\t                    \t\t\t                    \t\t<h4 class=\"p-title\"><a href=\"https:\/\/skonitech.com\/sq\/portfolio\/smartrenet\/\">SmartRenet<\/a><\/h4>\r\n\t\t                    \t\t\t                    \t<p class=\"p-category\"> <a href=\"https:\/\/skonitech.com\/sq\/portfolio-category\/youth-education\/\" rel=\"tag\">Edukim<\/a><\/p>\r\n\t\t                    <\/div>\r\n\t                    <\/div>\r\n                    <\/div>\r\n                <\/div>\r\n            <\/div>\r\n\t\t<\/div>\r\n\t\t\r\n\t<div class=\"col-lg-4 col-md-6 grid-item\">\r\n\t\t\t<div class=\"portfolio-item content-overlay\">\r\n\t\t\t\t                    <div class=\"portfolio-img\">\r\n                    \t<a href=\"https:\/\/skonitech.com\/sq\/portfolio\/class-within-glass\/\"><img decoding=\"async\" width=\"500\" height=\"500\" src=\"https:\/\/skonitech.com\/wp-content\/uploads\/2025\/01\/magnetic-500x500.jpg\" class=\"attachment-rsaddon-team-round-style size-rsaddon-team-round-style wp-post-image\" alt=\"\" srcset=\"https:\/\/skonitech.com\/wp-content\/uploads\/2025\/01\/magnetic-500x500.jpg 500w, https:\/\/skonitech.com\/wp-content\/uploads\/2025\/01\/magnetic-150x150.jpg 150w, https:\/\/skonitech.com\/wp-content\/uploads\/2025\/01\/magnetic-1000x1000.jpg 1000w, https:\/\/skonitech.com\/wp-content\/uploads\/2025\/01\/magnetic-300x300.jpg 300w, https:\/\/skonitech.com\/wp-content\/uploads\/2025\/01\/magnetic-100x100.jpg 100w\" sizes=\"(max-width: 500px) 100vw, 500px\" \/><\/a>\r\n                    <\/div>\r\n                                <div class=\"portfolio-content\">\r\n                \t<div class=\"vertical-middle\">\r\n                        <div class=\"vertical-middle-cell\">\r\n\t\t                    <div class=\"portfolio-inner\">\r\n\t\t                    \t\t\t                    \t\t<h4 class=\"p-title\"><a href=\"https:\/\/skonitech.com\/sq\/portfolio\/class-within-glass\/\">Class Within Glass<\/a><\/h4>\r\n\t\t                    \t\t\t                    \t<p class=\"p-category\"> <a href=\"https:\/\/skonitech.com\/sq\/portfolio-category\/architectural-desing-renovation\/\" rel=\"tag\">Arkitektur\u00eb<\/a><\/p>\r\n\t\t                    <\/div>\r\n\t                    <\/div>\r\n                    <\/div>\r\n                <\/div>\r\n            <\/div>\r\n\t\t<\/div>\r\n\t\t\r\n\t<div class=\"col-lg-4 col-md-6 grid-item\">\r\n\t\t\t<div class=\"portfolio-item content-overlay\">\r\n\t\t\t\t                    <div class=\"portfolio-img\">\r\n                    \t<a href=\"https:\/\/skonitech.com\/sq\/portfolio\/tailorsan\/\"><img loading=\"lazy\" decoding=\"async\" width=\"500\" height=\"500\" src=\"https:\/\/skonitech.com\/wp-content\/uploads\/2025\/01\/Screenshot-2025-01-08-142708-500x500.png\" class=\"attachment-rsaddon-team-round-style size-rsaddon-team-round-style wp-post-image\" alt=\"\" srcset=\"https:\/\/skonitech.com\/wp-content\/uploads\/2025\/01\/Screenshot-2025-01-08-142708-500x500.png 500w, https:\/\/skonitech.com\/wp-content\/uploads\/2025\/01\/Screenshot-2025-01-08-142708-150x150.png 150w, https:\/\/skonitech.com\/wp-content\/uploads\/2025\/01\/Screenshot-2025-01-08-142708-300x300.png 300w, https:\/\/skonitech.com\/wp-content\/uploads\/2025\/01\/Screenshot-2025-01-08-142708-100x100.png 100w\" sizes=\"(max-width: 500px) 100vw, 500px\" \/><\/a>\r\n                    <\/div>\r\n                                <div class=\"portfolio-content\">\r\n                \t<div class=\"vertical-middle\">\r\n                        <div class=\"vertical-middle-cell\">\r\n\t\t                    <div class=\"portfolio-inner\">\r\n\t\t                    \t\t\t                    \t\t<h4 class=\"p-title\"><a href=\"https:\/\/skonitech.com\/sq\/portfolio\/tailorsan\/\">Tailorsan<\/a><\/h4>\r\n\t\t                    \t\t\t                    \t<p class=\"p-category\"> <a href=\"https:\/\/skonitech.com\/sq\/portfolio-category\/architectural-desing-renovation\/\" rel=\"tag\">Arkitektur\u00eb<\/a><\/p>\r\n\t\t                    <\/div>\r\n\t                    <\/div>\r\n                    <\/div>\r\n                <\/div>\r\n            <\/div>\r\n\t\t<\/div>\r\n\t\t\r\n\t<div class=\"col-lg-4 col-md-6 grid-item\">\r\n\t\t\t<div class=\"portfolio-item content-overlay\">\r\n\t\t\t\t                    <div class=\"portfolio-img\">\r\n                    \t<a href=\"https:\/\/skonitech.com\/sq\/portfolio\/supern-construction\/\"><img loading=\"lazy\" decoding=\"async\" width=\"500\" height=\"500\" src=\"https:\/\/skonitech.com\/wp-content\/uploads\/2025\/01\/2870-500x500.jpg\" class=\"attachment-rsaddon-team-round-style size-rsaddon-team-round-style wp-post-image\" alt=\"\" srcset=\"https:\/\/skonitech.com\/wp-content\/uploads\/2025\/01\/2870-500x500.jpg 500w, https:\/\/skonitech.com\/wp-content\/uploads\/2025\/01\/2870-150x150.jpg 150w, https:\/\/skonitech.com\/wp-content\/uploads\/2025\/01\/2870-1000x1000.jpg 1000w, https:\/\/skonitech.com\/wp-content\/uploads\/2025\/01\/2870-300x300.jpg 300w, https:\/\/skonitech.com\/wp-content\/uploads\/2025\/01\/2870-100x100.jpg 100w\" sizes=\"(max-width: 500px) 100vw, 500px\" \/><\/a>\r\n                    <\/div>\r\n                                <div class=\"portfolio-content\">\r\n                \t<div class=\"vertical-middle\">\r\n                        <div class=\"vertical-middle-cell\">\r\n\t\t                    <div class=\"portfolio-inner\">\r\n\t\t                    \t\t\t                    \t\t<h4 class=\"p-title\"><a href=\"https:\/\/skonitech.com\/sq\/portfolio\/supern-construction\/\">Supern Construction<\/a><\/h4>\r\n\t\t                    \t\t\t                    \t<p class=\"p-category\"> <a href=\"https:\/\/skonitech.com\/sq\/portfolio-category\/construction\/\" rel=\"tag\">Nd\u00ebrtim<\/a><\/p>\r\n\t\t                    <\/div>\r\n\t                    <\/div>\r\n                    <\/div>\r\n                <\/div>\r\n            <\/div>\r\n\t\t<\/div>\r\n\t\t\r\n\t<div class=\"col-lg-4 col-md-6 grid-item\">\r\n\t\t\t<div class=\"portfolio-item content-overlay\">\r\n\t\t\t\t                    <div class=\"portfolio-img\">\r\n                    \t<a href=\"https:\/\/skonitech.com\/sq\/portfolio\/elteknik\/\"><img loading=\"lazy\" decoding=\"async\" width=\"500\" height=\"500\" src=\"https:\/\/skonitech.com\/wp-content\/uploads\/2025\/01\/2147710985-500x500.jpg\" class=\"attachment-rsaddon-team-round-style size-rsaddon-team-round-style wp-post-image\" alt=\"\" srcset=\"https:\/\/skonitech.com\/wp-content\/uploads\/2025\/01\/2147710985-500x500.jpg 500w, https:\/\/skonitech.com\/wp-content\/uploads\/2025\/01\/2147710985-150x150.jpg 150w, https:\/\/skonitech.com\/wp-content\/uploads\/2025\/01\/2147710985-1000x1000.jpg 1000w, https:\/\/skonitech.com\/wp-content\/uploads\/2025\/01\/2147710985-300x300.jpg 300w, https:\/\/skonitech.com\/wp-content\/uploads\/2025\/01\/2147710985-100x100.jpg 100w\" sizes=\"(max-width: 500px) 100vw, 500px\" \/><\/a>\r\n                    <\/div>\r\n                                <div class=\"portfolio-content\">\r\n                \t<div class=\"vertical-middle\">\r\n                        <div class=\"vertical-middle-cell\">\r\n\t\t                    <div class=\"portfolio-inner\">\r\n\t\t                    \t\t\t                    \t\t<h4 class=\"p-title\"><a href=\"https:\/\/skonitech.com\/sq\/portfolio\/elteknik\/\">El-Teknik<\/a><\/h4>\r\n\t\t                    \t\t\t                    \t<p class=\"p-category\"> <a href=\"https:\/\/skonitech.com\/sq\/portfolio-category\/construction\/\" rel=\"tag\">Nd\u00ebrtim<\/a><\/p>\r\n\t\t                    <\/div>\r\n\t                    <\/div>\r\n                    <\/div>\r\n                <\/div>\r\n            <\/div>\r\n\t\t<\/div>\r\n\t\t\r\n\t<div class=\"col-lg-4 col-md-6 grid-item\">\r\n\t\t\t<div class=\"portfolio-item content-overlay\">\r\n\t\t\t\t                    <div class=\"portfolio-img\">\r\n                    \t<a href=\"https:\/\/skonitech.com\/sq\/portfolio\/piemonte-wine\/\"><img loading=\"lazy\" decoding=\"async\" width=\"500\" height=\"500\" src=\"https:\/\/skonitech.com\/wp-content\/uploads\/2024\/12\/23320-500x500.jpg\" class=\"attachment-rsaddon-team-round-style size-rsaddon-team-round-style wp-post-image\" alt=\"\" srcset=\"https:\/\/skonitech.com\/wp-content\/uploads\/2024\/12\/23320-500x500.jpg 500w, https:\/\/skonitech.com\/wp-content\/uploads\/2024\/12\/23320-150x150.jpg 150w, https:\/\/skonitech.com\/wp-content\/uploads\/2024\/12\/23320-1000x1000.jpg 1000w, https:\/\/skonitech.com\/wp-content\/uploads\/2024\/12\/23320-300x300.jpg 300w, https:\/\/skonitech.com\/wp-content\/uploads\/2024\/12\/23320-100x100.jpg 100w\" sizes=\"(max-width: 500px) 100vw, 500px\" \/><\/a>\r\n                    <\/div>\r\n                                <div class=\"portfolio-content\">\r\n                \t<div class=\"vertical-middle\">\r\n                        <div class=\"vertical-middle-cell\">\r\n\t\t                    <div class=\"portfolio-inner\">\r\n\t\t                    \t\t\t                    \t\t<h4 class=\"p-title\"><a href=\"https:\/\/skonitech.com\/sq\/portfolio\/piemonte-wine\/\">Piemonte Wine<\/a><\/h4>\r\n\t\t                    \t\t\t                    \t<p class=\"p-category\"> <a href=\"https:\/\/skonitech.com\/sq\/portfolio-category\/distribution\/\" rel=\"tag\">Distribucion<\/a><\/p>\r\n\t\t                    <\/div>\r\n\t                    <\/div>\r\n                    <\/div>\r\n                <\/div>\r\n            <\/div>\r\n\t\t<\/div>\r\n\t\t\t\t\t<\/div>\n\t\t\t<\/div>\n\n\t\t<\/div>\n\t\n\t\t\t\t\t<\/div>\n\t\t\t\t<\/div>\n\t\t\t\t\t<\/div>\n\t\t<\/div>\n\t\t\t\t\t<\/div>\n\t\t<\/section>\n\t\t\t\t<section class=\"elementor-section elementor-top-section elementor-element elementor-element-a0dce77 elementor-section-stretched elementor-section-full_width elementor-section-height-default elementor-section-height-default\" data-id=\"a0dce77\" data-element_type=\"section\" data-settings=\"{&quot;stretch_section&quot;:&quot;section-stretched&quot;,&quot;background_background&quot;:&quot;classic&quot;}\">\n\t\t\t\t\t\t<div class=\"elementor-container elementor-column-gap-default\">\n\t\t\t\t\t<div class=\"elementor-column elementor-col-100 elementor-top-column elementor-element elementor-element-3cc402a\" data-id=\"3cc402a\" data-element_type=\"column\">\n\t\t\t<div class=\"elementor-widget-wrap elementor-element-populated\">\n\t\t\t\t\t\t<section class=\"elementor-section elementor-inner-section elementor-element elementor-element-168a0f1 elementor-section-boxed elementor-section-height-default elementor-section-height-default\" data-id=\"168a0f1\" data-element_type=\"section\">\n\t\t\t\t\t\t<div class=\"elementor-container elementor-column-gap-default\">\n\t\t\t\t\t<div class=\"elementor-column elementor-col-50 elementor-inner-column elementor-element elementor-element-aab0b50\" data-id=\"aab0b50\" data-element_type=\"column\">\n\t\t\t<div class=\"elementor-widget-wrap elementor-element-populated\">\n\t\t\t\t\t\t<div class=\"elementor-element elementor-element-3032331 elementor-widget elementor-widget-rs-heading\" data-id=\"3032331\" data-element_type=\"widget\" data-widget_type=\"rs-heading.default\">\n\t\t\t\t<div class=\"elementor-widget-container\">\n\t\t\t\t\t        <div class=\"rs-heading default\">\r\n        \t<div class=\"title-inner\">        \t\t      \t\t\r\n\t            <span class=\"sub-text\">GATI P\u00cbR T\u00cb ND\u00cbRTUAR DI\u00c7KA T\u00cb MREKULLUESHME?<\/span><h2 class=\"title\"><span class=\"watermark\"><\/span>Zhvilloni <span style=\"color: #00CBAB\">Iden\u00eb Tuaj<\/span> Me Ne<\/h2>\t\t\t\t\t        <\/div>\r\n\t                <\/div>\r\n\r\n        \t\t\t\t<\/div>\n\t\t\t\t<\/div>\n\t\t\t\t\t<\/div>\n\t\t<\/div>\n\t\t\t\t<div class=\"elementor-column elementor-col-50 elementor-inner-column elementor-element elementor-element-c3fea2b\" data-id=\"c3fea2b\" data-element_type=\"column\">\n\t\t\t<div class=\"elementor-widget-wrap elementor-element-populated\">\n\t\t\t\t\t\t<div class=\"elementor-element elementor-element-043a1de elementor-widget elementor-widget-rs-button\" data-id=\"043a1de\" data-element_type=\"widget\" data-widget_type=\"rs-button.default\">\n\t\t\t\t<div class=\"elementor-widget-container\">\n\t\t\t\t\t\t\r\n\t\t\r\n\t\t\t\t\t<div class=\"rs-btn\">\r\n\t\t\t\t\t\t\t\t<a class=\"readon rs_button\" href=\"https:\/\/skonitech.com\/index.php\/contact\/\" >\t\t\t\t\r\n\t\t\t\t\t<span class=\"btn_text\">Na Kontaktoni<\/span>\r\n\t\t\t\t\t\t\t\t\t<\/a>\r\n\t\t\t<\/div> \r\n\t\t   \r\n\t\t\t\t\t<\/div>\n\t\t\t\t<\/div>\n\t\t\t\t\t<\/div>\n\t\t<\/div>\n\t\t\t\t\t<\/div>\n\t\t<\/section>\n\t\t\t\t\t<\/div>\n\t\t<\/div>\n\t\t\t\t\t<\/div>\n\t\t<\/section>\n\t\t\t\t<\/div>","protected":false},"excerpt":{"rendered":"<p>Our Portfolio Some Of Our Work Available Into Market Loire US Architecture Kujdesi Per Ty Health Care Gladio Medica Health Care SmartRenet Youth Education Albanian Diaspora Business Database Networking Solutions Cemex Albania Construction Class Within Glass Architecture Tailorsan Architecture Restore My Window Architecture Supern Construction Construction El-Teknik Construction Piemonte Wine Distribution READY TO BUILD SOMETHING&#8230;<\/p>","protected":false},"author":1,"featured_media":0,"parent":0,"menu_order":0,"comment_status":"closed","ping_status":"closed","template":"","meta":{"inline_featured_image":false,"footnotes":""},"class_list":["post-13427","page","type-page","status-publish","hentry"],"_links":{"self":[{"href":"https:\/\/skonitech.com\/sq\/wp-json\/wp\/v2\/pages\/13427","targetHints":{"allow":["GET"]}}],"collection":[{"href":"https:\/\/skonitech.com\/sq\/wp-json\/wp\/v2\/pages"}],"about":[{"href":"https:\/\/skonitech.com\/sq\/wp-json\/wp\/v2\/types\/page"}],"author":[{"embeddable":true,"href":"https:\/\/skonitech.com\/sq\/wp-json\/wp\/v2\/users\/1"}],"replies":[{"embeddable":true,"href":"https:\/\/skonitech.com\/sq\/wp-json\/wp\/v2\/comments?post=13427"}],"version-history":[{"count":1,"href":"https:\/\/skonitech.com\/sq\/wp-json\/wp\/v2\/pages\/13427\/revisions"}],"predecessor-version":[{"id":24533,"href":"https:\/\/skonitech.com\/sq\/wp-json\/wp\/v2\/pages\/13427\/revisions\/24533"}],"wp:attachment":[{"href":"https:\/\/skonitech.com\/sq\/wp-json\/wp\/v2\/media?parent=13427"}],"curies":[{"name":"wp","href":"https:\/\/api.w.org\/{rel}","templated":true}]}}