{"id":13202,"date":"2020-11-29T11:52:12","date_gmt":"2020-11-29T11:52:12","guid":{"rendered":"http:\/\/192.168.0.108\/braintech\/?page_id=13202"},"modified":"2025-04-29T12:44:44","modified_gmt":"2025-04-29T12:44:44","slug":"faqs","status":"publish","type":"page","link":"https:\/\/skonitech.com\/sq\/faqs\/","title":{"rendered":"Pyetje t\u00eb Shpeshta"},"content":{"rendered":"<div data-elementor-type=\"wp-page\" data-elementor-id=\"13202\" class=\"elementor elementor-13202\">\n\t\t\t\t\t\t<section class=\"elementor-section elementor-top-section elementor-element elementor-element-79af6d58 elementor-section-stretched elementor-section-boxed elementor-section-height-default elementor-section-height-default\" data-id=\"79af6d58\" data-element_type=\"section\" data-settings=\"{&quot;stretch_section&quot;:&quot;section-stretched&quot;,&quot;background_background&quot;:&quot;classic&quot;}\">\n\t\t\t\t\t\t<div class=\"elementor-container elementor-column-gap-default\">\n\t\t\t\t\t<div class=\"elementor-column elementor-col-100 elementor-top-column elementor-element elementor-element-72d3a088\" data-id=\"72d3a088\" data-element_type=\"column\">\n\t\t\t<div class=\"elementor-widget-wrap elementor-element-populated\">\n\t\t\t\t\t\t<section class=\"elementor-section elementor-inner-section elementor-element elementor-element-5884657c elementor-section-boxed elementor-section-height-default elementor-section-height-default\" data-id=\"5884657c\" data-element_type=\"section\">\n\t\t\t\t\t\t<div class=\"elementor-container elementor-column-gap-default\">\n\t\t\t\t\t<div class=\"elementor-column elementor-col-100 elementor-inner-column elementor-element elementor-element-42ed7642\" data-id=\"42ed7642\" data-element_type=\"column\">\n\t\t\t<div class=\"elementor-widget-wrap elementor-element-populated\">\n\t\t\t\t\t\t<div class=\"elementor-element elementor-element-4d05e2c1 elementor-widget elementor-widget-rs-heading\" data-id=\"4d05e2c1\" data-element_type=\"widget\" data-widget_type=\"rs-heading.default\">\n\t\t\t\t<div class=\"elementor-widget-container\">\n\t\t\t\t\t        <div class=\"rs-heading style16 left\">\r\n        \t<div class=\"title-inner\">        \t\t      \t\t\r\n\t            <h2 class=\"title\"><span class=\"watermark\"><\/span>Pyetje t\u00eb Shpeshta<\/h2>\t\t\t\t\t        <\/div>\r\n\t                <\/div>\r\n\r\n        \t\t\t\t<\/div>\n\t\t\t\t<\/div>\n\t\t\t\t<div class=\"elementor-element elementor-element-759ba4ce elementor-widget elementor-widget-rs-accordions\" data-id=\"759ba4ce\" data-element_type=\"widget\" data-widget_type=\"rs-accordions.default\">\n\t\t\t\t<div class=\"elementor-widget-container\">\n\t\t\t\t\t            <div class=\"rsaddon-unique-accordion\">\n                <div id=\"accordion14111\" class=\"rs-addon-accordion accdstyle2\">                   \n                        \n                                            \n                        <div >\n                        \t                        \t<a class=\"elementor-accordion-title\" href=\"\">\n                        \t\t\n                        \t\t<span>\u00c7far\u00eb sh\u00ebrbimesh ofron Skonitech p\u00ebr klient\u00ebt e saj?<\/span>  \n\n                        \t\t\t                        \t\t\t                        \t\t\t<cite class=\"default-img rights\"><img decoding=\"async\" src=\"https:\/\/skonitech.com\/wp-content\/uploads\/2024\/12\/minus-svgrepo-com.svg\"><\/cite>\n\t                        \t\t\t                        \t\t\t                        \t\t\t<cite class=\"active-img rights\"><img decoding=\"async\" src=\"https:\/\/skonitech.com\/wp-content\/uploads\/2024\/12\/plus-svgrepo-com-1.svg\"><\/cite>\n\t                        \t\t\t                        \t\n                        \t<\/a>\n                        \t<\/div>                                                                 \n                            \n\n                                                                        \n                                <div class=\"accordion-desc\">                                    \n                               \t\t<p>Ne ofrojm\u00eb nj\u00eb gam\u00eb t\u00eb gjer\u00eb sh\u00ebrbimesh, duke p\u00ebrfshir\u00eb zhvillimin e ueb-it dhe aplikacioneve celulare, dizajnin e UI\/UX, sh\u00ebrbimet cloud, DevOps, sh\u00ebrbimet SaaS, sh\u00ebrbimet MVP, menaxhimin e projekteve dhe testimin dhe sigurimin e cil\u00ebsis\u00eb.<\/p> \n                            \t<\/div>                                            \n                                                            \n                            \n                                                \n                        <div >\n                        \t                        \t<a class=\"elementor-accordion-title\" href=\"\">\n                        \t\t\n                        \t\t<span>Pse duhet t\u00eb zgjedh Skonitech mbi kompanit\u00eb e tjera?<\/span>  \n\n                        \t\t\t                        \t\t\t                        \t\t\t<cite class=\"default-img rights\"><img decoding=\"async\" src=\"https:\/\/skonitech.com\/wp-content\/uploads\/2024\/12\/minus-svgrepo-com.svg\"><\/cite>\n\t                        \t\t\t                        \t\t\t                        \t\t\t<cite class=\"active-img rights\"><img decoding=\"async\" src=\"https:\/\/skonitech.com\/wp-content\/uploads\/2024\/12\/plus-svgrepo-com-1.svg\"><\/cite>\n\t                        \t\t\t                        \t\n                        \t<\/a>\n                        \t<\/div>                                                                 \n                            \n\n                                                                        \n                                <div class=\"accordion-desc\">                                    \n                               \t\t<p>Skonitech kombinon inovacionin, ekspertiz\u00ebn dhe nj\u00eb qasje t\u00eb p\u00ebrqendruar te klienti p\u00ebr t\u00eb ofruar zgjidhje me cil\u00ebsi t\u00eb lart\u00eb t\u00eb p\u00ebrshtatura p\u00ebr nevojat e biznesit tuaj. Fokusi yn\u00eb n\u00eb bashk\u00ebpunim dhe p\u00ebrsosm\u00ebri siguron rezultate \u00e7do her\u00eb.<\/p> \n                            \t<\/div>                                            \n                                                            \n                            \n                                                \n                        <div >\n                        \t                        \t<a class=\"elementor-accordion-title\" href=\"\">\n                        \t\t\n                        \t\t<span>Sa koh\u00eb duhet p\u00ebr t\u00eb p\u00ebrfunduar nj\u00eb projekt?<\/span>  \n\n                        \t\t\t                        \t\t\t                        \t\t\t<cite class=\"default-img rights\"><img decoding=\"async\" src=\"https:\/\/skonitech.com\/wp-content\/uploads\/2024\/12\/minus-svgrepo-com.svg\"><\/cite>\n\t                        \t\t\t                        \t\t\t                        \t\t\t<cite class=\"active-img rights\"><img decoding=\"async\" src=\"https:\/\/skonitech.com\/wp-content\/uploads\/2024\/12\/plus-svgrepo-com-1.svg\"><\/cite>\n\t                        \t\t\t                        \t\n                        \t<\/a>\n                        \t<\/div>                                                                 \n                            \n\n                                                                        \n                                <div class=\"accordion-desc\">                                    \n                               \t\t<p>Afati kohor ndryshon n\u00eb var\u00ebsi t\u00eb kompleksitetit dhe fush\u00ebveprimit t\u00eb projektit. Ne punojm\u00eb ngusht\u00eb me klient\u00ebt p\u00ebr t\u00eb vendosur afate t\u00eb qarta dhe p\u00ebr t\u00eb dh\u00ebn\u00eb rezultate n\u00eb koh\u00eb dhe me cil\u00ebsi t\u00eb lart\u00eb.<\/p> \n                            \t<\/div>                                            \n                                                            \n                            \n                                                \n                        <div >\n                        \t                        \t<a class=\"elementor-accordion-title\" href=\"\">\n                        \t\t\n                        \t\t<span>A ofroni suport t\u00eb vazhduesh\u00ebm pas p\u00ebrfundimit t\u00eb nj\u00eb projekti?<\/span>  \n\n                        \t\t\t                        \t\t\t                        \t\t\t<cite class=\"default-img rights\"><img decoding=\"async\" src=\"https:\/\/skonitech.com\/wp-content\/uploads\/2024\/12\/minus-svgrepo-com.svg\"><\/cite>\n\t                        \t\t\t                        \t\t\t                        \t\t\t<cite class=\"active-img rights\"><img decoding=\"async\" src=\"https:\/\/skonitech.com\/wp-content\/uploads\/2024\/12\/plus-svgrepo-com-1.svg\"><\/cite>\n\t                        \t\t\t                        \t\n                        \t<\/a>\n                        \t<\/div>                                                                 \n                            \n\n                                                                        \n                                <div class=\"accordion-desc\">                                    \n                               \t\t<p>Po, ne ofrojm\u00eb suport dhe mir\u00ebmbajtje gjith\u00ebp\u00ebrfshir\u00ebse pas p\u00ebrfundimit t\u00eb projektit p\u00ebr t\u00eb siguruar q\u00eb projekti juaj t\u00eb vazhdoj\u00eb t\u00eb funksionoj\u00eb n\u00eb m\u00ebnyr\u00eb optimale dhe t\u00eb plot\u00ebsoj\u00eb nevojat e tij.<\/p> \n                            \t<\/div>                                            \n                                                            \n                            \n                                              \n                <\/div>              \n            <\/div>\n            <script>\n            jQuery( function() {            \t\n              \tjQuery(\"#accordion14111\").accordion();\n            \t} );\n            <\/script>\n        \t\t\t\t<\/div>\n\t\t\t\t<\/div>\n\t\t\t\t\t<\/div>\n\t\t<\/div>\n\t\t\t\t\t<\/div>\n\t\t<\/section>\n\t\t\t\t\t<\/div>\n\t\t<\/div>\n\t\t\t\t\t<\/div>\n\t\t<\/section>\n\t\t\t\t<section class=\"elementor-section elementor-top-section elementor-element elementor-element-82611f0 elementor-section-stretched elementor-section-full_width elementor-section-height-default elementor-section-height-default\" data-id=\"82611f0\" data-element_type=\"section\" data-settings=\"{&quot;stretch_section&quot;:&quot;section-stretched&quot;,&quot;background_background&quot;:&quot;classic&quot;}\">\n\t\t\t\t\t\t<div class=\"elementor-container elementor-column-gap-default\">\n\t\t\t\t\t<div class=\"elementor-column elementor-col-100 elementor-top-column elementor-element elementor-element-466f412\" data-id=\"466f412\" data-element_type=\"column\">\n\t\t\t<div class=\"elementor-widget-wrap\">\n\t\t\t\t\t\t\t<\/div>\n\t\t<\/div>\n\t\t\t\t\t<\/div>\n\t\t<\/section>\n\t\t\t\t<section class=\"elementor-section elementor-top-section elementor-element elementor-element-ce80866 elementor-section-stretched elementor-section-full_width elementor-section-height-default elementor-section-height-default\" data-id=\"ce80866\" data-element_type=\"section\" data-settings=\"{&quot;stretch_section&quot;:&quot;section-stretched&quot;,&quot;background_background&quot;:&quot;classic&quot;}\">\n\t\t\t\t\t\t<div class=\"elementor-container elementor-column-gap-default\">\n\t\t\t\t\t<div class=\"elementor-column elementor-col-100 elementor-top-column elementor-element elementor-element-de76155\" data-id=\"de76155\" data-element_type=\"column\">\n\t\t\t<div class=\"elementor-widget-wrap elementor-element-populated\">\n\t\t\t\t\t\t<section class=\"elementor-section elementor-inner-section elementor-element elementor-element-544e6e8 elementor-section-boxed elementor-section-height-default elementor-section-height-default\" data-id=\"544e6e8\" data-element_type=\"section\">\n\t\t\t\t\t\t<div class=\"elementor-container elementor-column-gap-default\">\n\t\t\t\t\t<div class=\"elementor-column elementor-col-50 elementor-inner-column elementor-element elementor-element-c361089\" data-id=\"c361089\" data-element_type=\"column\">\n\t\t\t<div class=\"elementor-widget-wrap elementor-element-populated\">\n\t\t\t\t\t\t<div class=\"elementor-element elementor-element-8a95603 elementor-widget__width-initial elementor-widget elementor-widget-rs-heading\" data-id=\"8a95603\" data-element_type=\"widget\" data-widget_type=\"rs-heading.default\">\n\t\t\t\t<div class=\"elementor-widget-container\">\n\t\t\t\t\t        <div class=\"rs-heading default\">\r\n        \t<div class=\"title-inner\">        \t\t      \t\t\r\n\t            <span class=\"sub-text\">Have any questions?<\/span><h2 class=\"title\"><span class=\"watermark\"><\/span>Ne i P\u00ebrgjigjemi <span style=\"color: #00cbab\">Pyetjeve<\/span> Tuaja t\u00eb R\u00ebnd\u00ebsishme<\/h2>\t\t\t\t\t        <\/div>\r\n\t                <\/div>\r\n\r\n        \t\t\t\t<\/div>\n\t\t\t\t<\/div>\n\t\t\t\t\t<\/div>\n\t\t<\/div>\n\t\t\t\t<div class=\"elementor-column elementor-col-50 elementor-inner-column elementor-element elementor-element-bb7b07e\" data-id=\"bb7b07e\" data-element_type=\"column\">\n\t\t\t<div class=\"elementor-widget-wrap elementor-element-populated\">\n\t\t\t\t\t\t<div class=\"elementor-element elementor-element-34c2980 elementor-widget elementor-widget-rs-button\" data-id=\"34c2980\" data-element_type=\"widget\" data-widget_type=\"rs-button.default\">\n\t\t\t\t<div class=\"elementor-widget-container\">\n\t\t\t\t\t\t\r\n\t\t\r\n\t\t\t\t\t<div class=\"rs-btn\">\r\n\t\t\t\t\t\t\t\t<a class=\"readon rs_button\" href=\"https:\/\/skonitech.com\/index.php\/contact\/\" >\t\t\t\t\r\n\t\t\t\t\t<span class=\"btn_text\">Na Kontaktoni<\/span>\r\n\t\t\t\t\t\t\t\t\t<\/a>\r\n\t\t\t<\/div> \r\n\t\t   \r\n\t\t\t\t\t<\/div>\n\t\t\t\t<\/div>\n\t\t\t\t\t<\/div>\n\t\t<\/div>\n\t\t\t\t\t<\/div>\n\t\t<\/section>\n\t\t\t\t\t<\/div>\n\t\t<\/div>\n\t\t\t\t\t<\/div>\n\t\t<\/section>\n\t\t\t\t<\/div>","protected":false},"excerpt":{"rendered":"<p>Frequently Asked Questions (FAQs) What services does Skonitech offer for its clients? We provide a wide range of services, including web and mobile app development, UI\/UX design, cloud solutions, DevOps, SaaS development, MVP development, project management, and QA &amp; testing. Why should I choose Skonitech over other companies? Skonitech combines innovation, expertise, and a customer-centric&#8230;<\/p>","protected":false},"author":1,"featured_media":0,"parent":0,"menu_order":0,"comment_status":"closed","ping_status":"closed","template":"","meta":{"inline_featured_image":false,"footnotes":""},"class_list":["post-13202","page","type-page","status-publish","hentry"],"_links":{"self":[{"href":"https:\/\/skonitech.com\/sq\/wp-json\/wp\/v2\/pages\/13202","targetHints":{"allow":["GET"]}}],"collection":[{"href":"https:\/\/skonitech.com\/sq\/wp-json\/wp\/v2\/pages"}],"about":[{"href":"https:\/\/skonitech.com\/sq\/wp-json\/wp\/v2\/types\/page"}],"author":[{"embeddable":true,"href":"https:\/\/skonitech.com\/sq\/wp-json\/wp\/v2\/users\/1"}],"replies":[{"embeddable":true,"href":"https:\/\/skonitech.com\/sq\/wp-json\/wp\/v2\/comments?post=13202"}],"version-history":[{"count":1,"href":"https:\/\/skonitech.com\/sq\/wp-json\/wp\/v2\/pages\/13202\/revisions"}],"predecessor-version":[{"id":24551,"href":"https:\/\/skonitech.com\/sq\/wp-json\/wp\/v2\/pages\/13202\/revisions\/24551"}],"wp:attachment":[{"href":"https:\/\/skonitech.com\/sq\/wp-json\/wp\/v2\/media?parent=13202"}],"curies":[{"name":"wp","href":"https:\/\/api.w.org\/{rel}","templated":true}]}}